{"id":709,"date":"2018-05-22T07:54:57","date_gmt":"2018-05-22T07:54:57","guid":{"rendered":"http:\/\/biblio.autonoma.pt\/?page_id=709"},"modified":"2018-05-22T08:17:04","modified_gmt":"2018-05-22T08:17:04","slug":"politica-de-cookies","status":"publish","type":"page","link":"http:\/\/biblio.grupoautonoma.pt\/en\/politica-de-cookies\/","title":{"rendered":"Pol\u00edtica de Cookies"},"content":{"rendered":"<p>A Biblioteca da Universidade Aut\u00f3noma de Lisboa utiliza cookies no site de forma a melhorar o desempenho e experi\u00eancia do utilizador.<\/p>\n<p>\u201cCookies\u201d s\u00e3o pequenos ficheiros de texto que s\u00e3o armazenados no seu computador ou no seu dispositivo m\u00f3vel atrav\u00e9s do seu navegador (browser).<\/p>\n<p>Permitem aceder a \u00e1reas espec\u00edficas do site e a uma navega\u00e7\u00e3o mais r\u00e1pida e eficiente, eliminando a necessidade de introduzir repetidamente as mesmas informa\u00e7\u00f5es.<\/p>\n<p>Os utilizadores do site ao clicarem no banner dos cookies ou ao prosseguirem com a navega\u00e7\u00e3o no site da Biblioteca da Universidade Aut\u00f3noma de Lisboa est\u00e3o a aceitar a inser\u00e7\u00e3o dos cookies nos dispositivos acima mencionados.<\/p>\n<p>Qualquer utilizador poder\u00e1 aceitar, recusar ou apagar cookies, atrav\u00e9s do seu navegador web.<\/p>\n<p>Caso desative ou bloqueie os cookies poder\u00e1 n\u00e3o conseguir aceder a algumas \u00e1reas do site.<\/p>\n<p>Os cookies n\u00e3o armazenam qualquer tipo de informa\u00e7\u00e3o pessoal dos utilizadores, como o nome ou endere\u00e7o, apenas ret\u00eam informa\u00e7\u00e3o relativa \u00e0s prefer\u00eancias do utilizador.<\/p>\n<p>A Biblioteca da Universidade Aut\u00f3noma de Lisboa pode tamb\u00e9m utilizar web beacons (incluindo conversion pixels \u2013 pequenos c\u00f3digos localizados numa p\u00e1gina web que s\u00e3o ativados quando algu\u00e9m visita essa p\u00e1gina) ou outras tecnologias para finalidades semelhantes \u00e0s identificadas supra, incluindo-as no seu site, em emails de marketing ou nas nossas Newsletters.<\/p>\n<p>Os web beacons n\u00e3o colocam informa\u00e7\u00e3o nos dispositivos dos utilizadores. Em conjunto com os cookies permitem a monitoriza\u00e7\u00e3o da atividade do site.<\/p>","protected":false},"excerpt":{"rendered":"<p>A Biblioteca da Universidade Aut\u00f3noma de Lisboa utiliza cookies no site de forma a melhorar o desempenho e experi\u00eancia do utilizador. \u201cCookies\u201d s\u00e3o pequenos ficheiros de texto que s\u00e3o armazenados no seu computador ou no seu dispositivo m\u00f3vel atrav\u00e9s do seu navegador (browser). Permitem aceder a \u00e1reas espec\u00edficas do site e a uma navega\u00e7\u00e3o mais [&hellip;]<\/p>","protected":false},"author":1,"featured_media":0,"parent":0,"menu_order":0,"comment_status":"closed","ping_status":"closed","template":"","meta":{"cybocfi_hide_featured_image":"","footnotes":""},"class_list":["post-709","page","type-page","status-publish","hentry"],"_links":{"self":[{"href":"http:\/\/biblio.grupoautonoma.pt\/en\/wp-json\/wp\/v2\/pages\/709","targetHints":{"allow":["GET"]}}],"collection":[{"href":"http:\/\/biblio.grupoautonoma.pt\/en\/wp-json\/wp\/v2\/pages"}],"about":[{"href":"http:\/\/biblio.grupoautonoma.pt\/en\/wp-json\/wp\/v2\/types\/page"}],"author":[{"embeddable":true,"href":"http:\/\/biblio.grupoautonoma.pt\/en\/wp-json\/wp\/v2\/users\/1"}],"replies":[{"embeddable":true,"href":"http:\/\/biblio.grupoautonoma.pt\/en\/wp-json\/wp\/v2\/comments?post=709"}],"version-history":[{"count":4,"href":"http:\/\/biblio.grupoautonoma.pt\/en\/wp-json\/wp\/v2\/pages\/709\/revisions"}],"predecessor-version":[{"id":717,"href":"http:\/\/biblio.grupoautonoma.pt\/en\/wp-json\/wp\/v2\/pages\/709\/revisions\/717"}],"wp:attachment":[{"href":"http:\/\/biblio.grupoautonoma.pt\/en\/wp-json\/wp\/v2\/media?parent=709"}],"curies":[{"name":"wp","href":"https:\/\/api.w.org\/{rel}","templated":true}]}}