{"id":4384,"date":"2021-10-01T12:21:05","date_gmt":"2021-10-01T12:21:05","guid":{"rendered":"http:\/\/biblio.grupoceu.pt\/?page_id=4384"},"modified":"2021-10-01T12:28:05","modified_gmt":"2021-10-01T12:28:05","slug":"curriculum-builder","status":"publish","type":"page","link":"http:\/\/biblio.grupoautonoma.pt\/en\/curriculum-builder\/","title":{"rendered":"Curriculum Builder"},"content":{"rendered":"<div style=\"height:76px\" aria-hidden=\"true\" class=\"wp-block-spacer\"><\/div>\n\n\n\n<!DOCTYPE html>\n<html lang=\"en\">\n<head>\n    <meta charset=\"UTF-8\">\n    <meta http-equiv=\"X-UA-Compatible\" content=\"IE=edge\">\n    <meta name=\"viewport\" content=\"width=device-width, initial-scale=1.0\">\n    <link rel=\"stylesheet\" href=\"https:\/\/fonts.googleapis.com\/css2?family=Quicksand&#038;display=swap\">  \n    \n    <title>Document<\/title>\n<\/head>\n<body class= \"cbbod\">\n\n    <style>\n        .cbbod{\n    font-family: \"Quicksand\";\n    max-width:100% ;  \n    height:100%; \n    margin: 100px;\n}\n\n.cbvid{\n    border: 10px solid #044d87;\n    border-radius: 5px; \n    box-shadow: 3px 3px 3px 3px rgba(0, 0, 0, 0.2), 0 -3px 3px 0 rgba(0, 0, 0, 0.19); \n    \n}\n    <\/style>\n    <h1>Curriculum Builder<\/h1>\n    <br>\n    <br>    \n    <p>O Curriculum Builder \u00e9 um addon-on da EBSCOhost e EBSCO Discovery Service (EDS) que permite o acesso \u00e0s bases de dados subscritas pela Biblioteca da Universidade Aut\u00f3noma, providenciando o acesso a e-books e variados recursos digitais, de forma f\u00e1cil e direta, atrav\u00e9s da plataforma de <a href=\"https:\/\/elearning.ual.pt\/\">e-learning<\/a><\/p>\n    <br>\n    <br>\n    <div class = \"cbvid\">\n        <iframe loading=\"lazy\" width=\"100%\" height=\"700\" src=\"https:\/\/www.youtube.com\/embed\/8L_9V6Qal80\" title=\"YouTube video player\" frameborder=\"0\" allow=\"accelerometer; autoplay; clipboard-write; encrypted-media; gyroscope; picture-in-picture\" allowfullscreen><\/iframe>\n    <\/div>\n    <br>\n    <br>\n    <div class = \"cbvid\">\n        <iframe loading=\"lazy\" width=\"100%\" height=\"700\" src=\"https:\/\/www.youtube.com\/embed\/qIOU6Q_2lA4\" title=\"YouTube video player\" frameborder=\"0\" allow=\"accelerometer; autoplay; clipboard-write; encrypted-media; gyroscope; picture-in-picture\" allowfullscreen><\/iframe>\n    <\/div>\n    \n<\/body>\n<\/html>","protected":false},"excerpt":{"rendered":"<p>Document Curriculum Builder O Curriculum Builder \u00e9 um addon-on da EBSCOhost e EBSCO Discovery Service (EDS) que permite o acesso \u00e0s bases de dados subscritas pela Biblioteca da Universidade Aut\u00f3noma, providenciando o acesso a e-books e variados recursos digitais, de forma f\u00e1cil e direta, atrav\u00e9s da plataforma de e-learning<\/p>","protected":false},"author":3,"featured_media":0,"parent":0,"menu_order":0,"comment_status":"closed","ping_status":"closed","template":"","meta":{"cybocfi_hide_featured_image":"","footnotes":""},"class_list":["post-4384","page","type-page","status-publish","hentry"],"_links":{"self":[{"href":"http:\/\/biblio.grupoautonoma.pt\/en\/wp-json\/wp\/v2\/pages\/4384","targetHints":{"allow":["GET"]}}],"collection":[{"href":"http:\/\/biblio.grupoautonoma.pt\/en\/wp-json\/wp\/v2\/pages"}],"about":[{"href":"http:\/\/biblio.grupoautonoma.pt\/en\/wp-json\/wp\/v2\/types\/page"}],"author":[{"embeddable":true,"href":"http:\/\/biblio.grupoautonoma.pt\/en\/wp-json\/wp\/v2\/users\/3"}],"replies":[{"embeddable":true,"href":"http:\/\/biblio.grupoautonoma.pt\/en\/wp-json\/wp\/v2\/comments?post=4384"}],"version-history":[{"count":2,"href":"http:\/\/biblio.grupoautonoma.pt\/en\/wp-json\/wp\/v2\/pages\/4384\/revisions"}],"predecessor-version":[{"id":4387,"href":"http:\/\/biblio.grupoautonoma.pt\/en\/wp-json\/wp\/v2\/pages\/4384\/revisions\/4387"}],"wp:attachment":[{"href":"http:\/\/biblio.grupoautonoma.pt\/en\/wp-json\/wp\/v2\/media?parent=4384"}],"curies":[{"name":"wp","href":"https:\/\/api.w.org\/{rel}","templated":true}]}}